{"id":646,"date":"2022-03-30T10:16:19","date_gmt":"2022-03-30T10:16:19","guid":{"rendered":"https:\/\/p-vi0gcw.project.space\/product\/rose\/"},"modified":"2022-06-07T07:06:39","modified_gmt":"2022-06-07T07:06:39","slug":"rose","status":"publish","type":"product","link":"https:\/\/galipettecidre.com\/fr\/produit\/rose\/","title":{"rendered":"Ros\u00e9"},"content":{"rendered":"<p>GALIPETTE ROS\u00c9 est notre derni\u00e8re cr\u00e9ation en date. \u00c9labor\u00e9 \u00e0 partir de tr\u00e8s rares pommes \u00e0 chair rouge, il pr\u00e9sente le caract\u00e8re et la saveur authentiques d\u2019un cidre ros\u00e9, ainsi qu\u2019une robe ambr\u00e9e profonde qui varie naturellement selon la r\u00e9colte.<\/p>\n<p>Originaires de vergers bretons et normands, ces pommes sanguines sont connues pour leur vive acidit\u00e9 et la forte concentration en pigments rouges naturels \u2014 non seulement de leur peau mais aussi de leur chair, ce qui leur conf\u00e8re naturellement une couleur exceptionnelle.<\/p>\n<p>Le \u00ab\u2009keeving\u2009\u00bb, m\u00e9thode s\u00e9culaire de g\u00e9lification des pectines, emp\u00eache les levures sauvages pr\u00e9sentes sur les pommes de faire fermenter totalement le jus, pr\u00e9servant ainsi sa douceur naturelle et fruit\u00e9e pour donner un cidre incroyablement rafra\u00eechissant. Savourez tout au long de la belle saison son acidit\u00e9 vive et rafra\u00eechissante et son caract\u00e8re s\u00e9duisant \u2014 ou laissez-le vous aider \u00e0 r\u00eaver des longues journ\u00e9es d\u2019\u00e9t\u00e9 \u00e0 venir.<\/p>\n","protected":false},"excerpt":{"rendered":"<p>12 \u00d7 330ml<\/p>\n","protected":false},"featured_media":338,"template":"","meta":{"_acf_changed":false},"product_brand":[],"product_cat":[64],"product_tag":[63],"class_list":{"0":"post-646","1":"product","2":"type-product","3":"status-publish","4":"has-post-thumbnail","6":"product_cat-uncategorized-fr","7":"product_tag-demi-sec-fr","9":"first","10":"instock","11":"taxable","12":"shipping-taxable","13":"purchasable","14":"product-type-simple"},"acf":[],"yoast_head":"<!-- This site is optimized with the Yoast SEO plugin v27.3 - https:\/\/yoast.com\/product\/yoast-seo-wordpress\/ -->\n<title>Ros\u00e9 - Galipette<\/title>\n<meta name=\"robots\" content=\"index, follow, max-snippet:-1, max-image-preview:large, max-video-preview:-1\" \/>\n<link rel=\"canonical\" href=\"https:\/\/galipettecidre.com\/fr\/produit\/rose\/\" \/>\n<meta property=\"og:locale\" content=\"fr_FR\" \/>\n<meta property=\"og:type\" content=\"article\" \/>\n<meta property=\"og:title\" content=\"Ros\u00e9 - Galipette\" \/>\n<meta property=\"og:description\" content=\"12 \u00d7 330ml\" \/>\n<meta property=\"og:url\" content=\"https:\/\/galipettecidre.com\/fr\/produit\/rose\/\" \/>\n<meta property=\"og:site_name\" content=\"Galipette\" \/>\n<meta property=\"article:modified_time\" content=\"2022-06-07T07:06:39+00:00\" \/>\n<meta property=\"og:image\" content=\"https:\/\/galipettecidre.com\/wp-content\/uploads\/2022\/03\/galipette-cidre-rose.jpg\" \/>\n\t<meta property=\"og:image:width\" content=\"1299\" \/>\n\t<meta property=\"og:image:height\" content=\"1299\" \/>\n\t<meta property=\"og:image:type\" content=\"image\/jpeg\" \/>\n<meta name=\"twitter:card\" content=\"summary_large_image\" \/>\n<meta name=\"twitter:label1\" content=\"Dur\u00e9e de lecture estim\u00e9e\" \/>\n\t<meta name=\"twitter:data1\" content=\"1 minute\" \/>\n<script type=\"application\/ld+json\" class=\"yoast-schema-graph\">{\"@context\":\"https:\\\/\\\/schema.org\",\"@graph\":[{\"@type\":\"WebPage\",\"@id\":\"https:\\\/\\\/galipettecidre.com\\\/fr\\\/produit\\\/rose\\\/\",\"url\":\"https:\\\/\\\/galipettecidre.com\\\/fr\\\/produit\\\/rose\\\/\",\"name\":\"Ros\u00e9 - Galipette\",\"isPartOf\":{\"@id\":\"https:\\\/\\\/galipettecidre.com\\\/fr\\\/#website\"},\"primaryImageOfPage\":{\"@id\":\"https:\\\/\\\/galipettecidre.com\\\/fr\\\/produit\\\/rose\\\/#primaryimage\"},\"image\":{\"@id\":\"https:\\\/\\\/galipettecidre.com\\\/fr\\\/produit\\\/rose\\\/#primaryimage\"},\"thumbnailUrl\":\"https:\\\/\\\/galipettecidre.com\\\/wp-content\\\/uploads\\\/2022\\\/03\\\/galipette-cidre-rose.jpg\",\"datePublished\":\"2022-03-30T10:16:19+00:00\",\"dateModified\":\"2022-06-07T07:06:39+00:00\",\"breadcrumb\":{\"@id\":\"https:\\\/\\\/galipettecidre.com\\\/fr\\\/produit\\\/rose\\\/#breadcrumb\"},\"inLanguage\":\"fr-FR\",\"potentialAction\":[{\"@type\":\"ReadAction\",\"target\":[\"https:\\\/\\\/galipettecidre.com\\\/fr\\\/produit\\\/rose\\\/\"]}]},{\"@type\":\"ImageObject\",\"inLanguage\":\"fr-FR\",\"@id\":\"https:\\\/\\\/galipettecidre.com\\\/fr\\\/produit\\\/rose\\\/#primaryimage\",\"url\":\"https:\\\/\\\/galipettecidre.com\\\/wp-content\\\/uploads\\\/2022\\\/03\\\/galipette-cidre-rose.jpg\",\"contentUrl\":\"https:\\\/\\\/galipettecidre.com\\\/wp-content\\\/uploads\\\/2022\\\/03\\\/galipette-cidre-rose.jpg\",\"width\":1299,\"height\":1299},{\"@type\":\"BreadcrumbList\",\"@id\":\"https:\\\/\\\/galipettecidre.com\\\/fr\\\/produit\\\/rose\\\/#breadcrumb\",\"itemListElement\":[{\"@type\":\"ListItem\",\"position\":1,\"name\":\"Home\",\"item\":\"https:\\\/\\\/galipettecidre.com\\\/fr\\\/nos-cidres\\\/\"},{\"@type\":\"ListItem\",\"position\":2,\"name\":\"Produits\",\"item\":\"https:\\\/\\\/galipettecidre.com\\\/fr\\\/shop\\\/\"},{\"@type\":\"ListItem\",\"position\":3,\"name\":\"Ros\u00e9\"}]},{\"@type\":\"WebSite\",\"@id\":\"https:\\\/\\\/galipettecidre.com\\\/fr\\\/#website\",\"url\":\"https:\\\/\\\/galipettecidre.com\\\/fr\\\/\",\"name\":\"Galipette\",\"description\":\"Online Shop\",\"potentialAction\":[{\"@type\":\"SearchAction\",\"target\":{\"@type\":\"EntryPoint\",\"urlTemplate\":\"https:\\\/\\\/galipettecidre.com\\\/fr\\\/?s={search_term_string}\"},\"query-input\":{\"@type\":\"PropertyValueSpecification\",\"valueRequired\":true,\"valueName\":\"search_term_string\"}}],\"inLanguage\":\"fr-FR\"}]}<\/script>\n<!-- \/ Yoast SEO plugin. -->","yoast_head_json":{"title":"Ros\u00e9 - Galipette","robots":{"index":"index","follow":"follow","max-snippet":"max-snippet:-1","max-image-preview":"max-image-preview:large","max-video-preview":"max-video-preview:-1"},"canonical":"https:\/\/galipettecidre.com\/fr\/produit\/rose\/","og_locale":"fr_FR","og_type":"article","og_title":"Ros\u00e9 - Galipette","og_description":"12 \u00d7 330ml","og_url":"https:\/\/galipettecidre.com\/fr\/produit\/rose\/","og_site_name":"Galipette","article_modified_time":"2022-06-07T07:06:39+00:00","og_image":[{"width":1299,"height":1299,"url":"https:\/\/galipettecidre.com\/wp-content\/uploads\/2022\/03\/galipette-cidre-rose.jpg","type":"image\/jpeg"}],"twitter_card":"summary_large_image","twitter_misc":{"Dur\u00e9e de lecture estim\u00e9e":"1 minute"},"schema":{"@context":"https:\/\/schema.org","@graph":[{"@type":"WebPage","@id":"https:\/\/galipettecidre.com\/fr\/produit\/rose\/","url":"https:\/\/galipettecidre.com\/fr\/produit\/rose\/","name":"Ros\u00e9 - Galipette","isPartOf":{"@id":"https:\/\/galipettecidre.com\/fr\/#website"},"primaryImageOfPage":{"@id":"https:\/\/galipettecidre.com\/fr\/produit\/rose\/#primaryimage"},"image":{"@id":"https:\/\/galipettecidre.com\/fr\/produit\/rose\/#primaryimage"},"thumbnailUrl":"https:\/\/galipettecidre.com\/wp-content\/uploads\/2022\/03\/galipette-cidre-rose.jpg","datePublished":"2022-03-30T10:16:19+00:00","dateModified":"2022-06-07T07:06:39+00:00","breadcrumb":{"@id":"https:\/\/galipettecidre.com\/fr\/produit\/rose\/#breadcrumb"},"inLanguage":"fr-FR","potentialAction":[{"@type":"ReadAction","target":["https:\/\/galipettecidre.com\/fr\/produit\/rose\/"]}]},{"@type":"ImageObject","inLanguage":"fr-FR","@id":"https:\/\/galipettecidre.com\/fr\/produit\/rose\/#primaryimage","url":"https:\/\/galipettecidre.com\/wp-content\/uploads\/2022\/03\/galipette-cidre-rose.jpg","contentUrl":"https:\/\/galipettecidre.com\/wp-content\/uploads\/2022\/03\/galipette-cidre-rose.jpg","width":1299,"height":1299},{"@type":"BreadcrumbList","@id":"https:\/\/galipettecidre.com\/fr\/produit\/rose\/#breadcrumb","itemListElement":[{"@type":"ListItem","position":1,"name":"Home","item":"https:\/\/galipettecidre.com\/fr\/nos-cidres\/"},{"@type":"ListItem","position":2,"name":"Produits","item":"https:\/\/galipettecidre.com\/fr\/shop\/"},{"@type":"ListItem","position":3,"name":"Ros\u00e9"}]},{"@type":"WebSite","@id":"https:\/\/galipettecidre.com\/fr\/#website","url":"https:\/\/galipettecidre.com\/fr\/","name":"Galipette","description":"Online Shop","potentialAction":[{"@type":"SearchAction","target":{"@type":"EntryPoint","urlTemplate":"https:\/\/galipettecidre.com\/fr\/?s={search_term_string}"},"query-input":{"@type":"PropertyValueSpecification","valueRequired":true,"valueName":"search_term_string"}}],"inLanguage":"fr-FR"}]}},"_links":{"self":[{"href":"https:\/\/galipettecidre.com\/fr\/wp-json\/wp\/v2\/product\/646","targetHints":{"allow":["GET"]}}],"collection":[{"href":"https:\/\/galipettecidre.com\/fr\/wp-json\/wp\/v2\/product"}],"about":[{"href":"https:\/\/galipettecidre.com\/fr\/wp-json\/wp\/v2\/types\/product"}],"wp:featuredmedia":[{"embeddable":true,"href":"https:\/\/galipettecidre.com\/fr\/wp-json\/wp\/v2\/media\/338"}],"wp:attachment":[{"href":"https:\/\/galipettecidre.com\/fr\/wp-json\/wp\/v2\/media?parent=646"}],"wp:term":[{"taxonomy":"product_brand","embeddable":true,"href":"https:\/\/galipettecidre.com\/fr\/wp-json\/wp\/v2\/product_brand?post=646"},{"taxonomy":"product_cat","embeddable":true,"href":"https:\/\/galipettecidre.com\/fr\/wp-json\/wp\/v2\/product_cat?post=646"},{"taxonomy":"product_tag","embeddable":true,"href":"https:\/\/galipettecidre.com\/fr\/wp-json\/wp\/v2\/product_tag?post=646"}],"curies":[{"name":"wp","href":"https:\/\/api.w.org\/{rel}","templated":true}]}}