{"id":645,"date":"2022-03-30T10:16:19","date_gmt":"2022-03-30T10:16:19","guid":{"rendered":"https:\/\/p-vi0gcw.project.space\/product\/sans-alcool\/"},"modified":"2022-06-06T19:42:13","modified_gmt":"2022-06-06T19:42:13","slug":"sans-alcool","status":"publish","type":"product","link":"https:\/\/galipettecidre.com\/fr\/produit\/sans-alcool\/","title":{"rendered":"Sans Alcool"},"content":{"rendered":"<p><strong>GALIPETTE 0%<\/strong> \u2014 l\u2019alternative fut\u00e9e : tout le go\u00fbt d\u2019un grand cidre fran\u00e7ais avec z\u00e9ro alcool. Ce jus de pomme p\u00e9tillant (\u00e0 partir de 100% de pommes \u00e0 cidre) offre des notes intenses de pommes du verger et de pomme au four, et une bouche \u00e0 la fois opulente et soyeuse.<\/p>\n<p>Il est issu de l\u2019assemblage de diff\u00e9rentes vari\u00e9t\u00e9s de pommes douces et \u00e2pres cultiv\u00e9es dans des vergers, vieux de plusieurs si\u00e8cles, de Bretagne et de Normandie. Une fois leurs jus naturellement assembl\u00e9s sans aucun additif, nous les soumettons \u00e0 une tr\u00e8s br\u00e8ve fermentation, stopp\u00e9e gr\u00e2ce \u00e0 un contr\u00f4le minutieux des temp\u00e9ratures avant que les sucres ne se transforment en alcool.<\/p>\n<p>Le r\u00e9sultat est l\u00e0 : un jus de pomme p\u00e9tillant, 100% pur jus. Rien n\u2019est ajout\u00e9, rien n\u2019est retir\u00e9. Rien que sa saveur naturelle et z\u00e9ro alcool. Sa p\u00e9tillance rafra\u00eechissante se savoure \u00e0 tout moment sans culpabilit\u00e9&#8230; Et n\u2019h\u00e9sitez pas \u00e0 accorder son caract\u00e8re demi-doux avec des fromages persill\u00e9s ou des raviolis \u00e0 la ricotta et aux \u00e9pinards!<\/p>\n","protected":false},"excerpt":{"rendered":"<p>12 \u00d7 330ml<\/p>\n","protected":false},"featured_media":341,"template":"","meta":{"_acf_changed":false},"product_brand":[],"product_cat":[64],"product_tag":[60,59],"class_list":{"0":"post-645","1":"product","2":"type-product","3":"status-publish","4":"has-post-thumbnail","6":"product_cat-uncategorized-fr","7":"product_tag-0-0-alc-fr","8":"product_tag-doux-fr","10":"first","11":"instock","12":"taxable","13":"shipping-taxable","14":"purchasable","15":"product-type-simple"},"acf":[],"yoast_head":"<!-- This site is optimized with the Yoast SEO plugin v27.4 - https:\/\/yoast.com\/product\/yoast-seo-wordpress\/ -->\n<title>Sans Alcool - Galipette<\/title>\n<meta name=\"robots\" content=\"index, follow, max-snippet:-1, max-image-preview:large, max-video-preview:-1\" \/>\n<link rel=\"canonical\" href=\"https:\/\/galipettecidre.com\/fr\/produit\/sans-alcool\/\" \/>\n<meta property=\"og:locale\" content=\"fr_FR\" \/>\n<meta property=\"og:type\" content=\"article\" \/>\n<meta property=\"og:title\" content=\"Sans Alcool - Galipette\" \/>\n<meta property=\"og:description\" content=\"12 \u00d7 330ml\" \/>\n<meta property=\"og:url\" content=\"https:\/\/galipettecidre.com\/fr\/produit\/sans-alcool\/\" \/>\n<meta property=\"og:site_name\" content=\"Galipette\" \/>\n<meta property=\"article:modified_time\" content=\"2022-06-06T19:42:13+00:00\" \/>\n<meta property=\"og:image\" content=\"https:\/\/galipettecidre.com\/wp-content\/uploads\/2022\/03\/galipette-cidre-non-alc.jpg\" \/>\n\t<meta property=\"og:image:width\" content=\"1299\" \/>\n\t<meta property=\"og:image:height\" content=\"1299\" \/>\n\t<meta property=\"og:image:type\" content=\"image\/jpeg\" \/>\n<meta name=\"twitter:card\" content=\"summary_large_image\" \/>\n<meta name=\"twitter:label1\" content=\"Dur\u00e9e de lecture estim\u00e9e\" \/>\n\t<meta name=\"twitter:data1\" content=\"1 minute\" \/>\n<script type=\"application\/ld+json\" class=\"yoast-schema-graph\">{\"@context\":\"https:\\\/\\\/schema.org\",\"@graph\":[{\"@type\":\"WebPage\",\"@id\":\"https:\\\/\\\/galipettecidre.com\\\/fr\\\/produit\\\/sans-alcool\\\/\",\"url\":\"https:\\\/\\\/galipettecidre.com\\\/fr\\\/produit\\\/sans-alcool\\\/\",\"name\":\"Sans Alcool - Galipette\",\"isPartOf\":{\"@id\":\"https:\\\/\\\/galipettecidre.com\\\/fr\\\/#website\"},\"primaryImageOfPage\":{\"@id\":\"https:\\\/\\\/galipettecidre.com\\\/fr\\\/produit\\\/sans-alcool\\\/#primaryimage\"},\"image\":{\"@id\":\"https:\\\/\\\/galipettecidre.com\\\/fr\\\/produit\\\/sans-alcool\\\/#primaryimage\"},\"thumbnailUrl\":\"https:\\\/\\\/galipettecidre.com\\\/wp-content\\\/uploads\\\/2022\\\/03\\\/galipette-cidre-non-alc.jpg\",\"datePublished\":\"2022-03-30T10:16:19+00:00\",\"dateModified\":\"2022-06-06T19:42:13+00:00\",\"breadcrumb\":{\"@id\":\"https:\\\/\\\/galipettecidre.com\\\/fr\\\/produit\\\/sans-alcool\\\/#breadcrumb\"},\"inLanguage\":\"fr-FR\",\"potentialAction\":[{\"@type\":\"ReadAction\",\"target\":[\"https:\\\/\\\/galipettecidre.com\\\/fr\\\/produit\\\/sans-alcool\\\/\"]}]},{\"@type\":\"ImageObject\",\"inLanguage\":\"fr-FR\",\"@id\":\"https:\\\/\\\/galipettecidre.com\\\/fr\\\/produit\\\/sans-alcool\\\/#primaryimage\",\"url\":\"https:\\\/\\\/galipettecidre.com\\\/wp-content\\\/uploads\\\/2022\\\/03\\\/galipette-cidre-non-alc.jpg\",\"contentUrl\":\"https:\\\/\\\/galipettecidre.com\\\/wp-content\\\/uploads\\\/2022\\\/03\\\/galipette-cidre-non-alc.jpg\",\"width\":1299,\"height\":1299},{\"@type\":\"BreadcrumbList\",\"@id\":\"https:\\\/\\\/galipettecidre.com\\\/fr\\\/produit\\\/sans-alcool\\\/#breadcrumb\",\"itemListElement\":[{\"@type\":\"ListItem\",\"position\":1,\"name\":\"Home\",\"item\":\"https:\\\/\\\/galipettecidre.com\\\/fr\\\/nos-cidres\\\/\"},{\"@type\":\"ListItem\",\"position\":2,\"name\":\"Produits\",\"item\":\"https:\\\/\\\/galipettecidre.com\\\/fr\\\/shop\\\/\"},{\"@type\":\"ListItem\",\"position\":3,\"name\":\"Sans Alcool\"}]},{\"@type\":\"WebSite\",\"@id\":\"https:\\\/\\\/galipettecidre.com\\\/fr\\\/#website\",\"url\":\"https:\\\/\\\/galipettecidre.com\\\/fr\\\/\",\"name\":\"Galipette\",\"description\":\"Online Shop\",\"potentialAction\":[{\"@type\":\"SearchAction\",\"target\":{\"@type\":\"EntryPoint\",\"urlTemplate\":\"https:\\\/\\\/galipettecidre.com\\\/fr\\\/?s={search_term_string}\"},\"query-input\":{\"@type\":\"PropertyValueSpecification\",\"valueRequired\":true,\"valueName\":\"search_term_string\"}}],\"inLanguage\":\"fr-FR\"}]}<\/script>\n<!-- \/ Yoast SEO plugin. -->","yoast_head_json":{"title":"Sans Alcool - Galipette","robots":{"index":"index","follow":"follow","max-snippet":"max-snippet:-1","max-image-preview":"max-image-preview:large","max-video-preview":"max-video-preview:-1"},"canonical":"https:\/\/galipettecidre.com\/fr\/produit\/sans-alcool\/","og_locale":"fr_FR","og_type":"article","og_title":"Sans Alcool - Galipette","og_description":"12 \u00d7 330ml","og_url":"https:\/\/galipettecidre.com\/fr\/produit\/sans-alcool\/","og_site_name":"Galipette","article_modified_time":"2022-06-06T19:42:13+00:00","og_image":[{"width":1299,"height":1299,"url":"https:\/\/galipettecidre.com\/wp-content\/uploads\/2022\/03\/galipette-cidre-non-alc.jpg","type":"image\/jpeg"}],"twitter_card":"summary_large_image","twitter_misc":{"Dur\u00e9e de lecture estim\u00e9e":"1 minute"},"schema":{"@context":"https:\/\/schema.org","@graph":[{"@type":"WebPage","@id":"https:\/\/galipettecidre.com\/fr\/produit\/sans-alcool\/","url":"https:\/\/galipettecidre.com\/fr\/produit\/sans-alcool\/","name":"Sans Alcool - Galipette","isPartOf":{"@id":"https:\/\/galipettecidre.com\/fr\/#website"},"primaryImageOfPage":{"@id":"https:\/\/galipettecidre.com\/fr\/produit\/sans-alcool\/#primaryimage"},"image":{"@id":"https:\/\/galipettecidre.com\/fr\/produit\/sans-alcool\/#primaryimage"},"thumbnailUrl":"https:\/\/galipettecidre.com\/wp-content\/uploads\/2022\/03\/galipette-cidre-non-alc.jpg","datePublished":"2022-03-30T10:16:19+00:00","dateModified":"2022-06-06T19:42:13+00:00","breadcrumb":{"@id":"https:\/\/galipettecidre.com\/fr\/produit\/sans-alcool\/#breadcrumb"},"inLanguage":"fr-FR","potentialAction":[{"@type":"ReadAction","target":["https:\/\/galipettecidre.com\/fr\/produit\/sans-alcool\/"]}]},{"@type":"ImageObject","inLanguage":"fr-FR","@id":"https:\/\/galipettecidre.com\/fr\/produit\/sans-alcool\/#primaryimage","url":"https:\/\/galipettecidre.com\/wp-content\/uploads\/2022\/03\/galipette-cidre-non-alc.jpg","contentUrl":"https:\/\/galipettecidre.com\/wp-content\/uploads\/2022\/03\/galipette-cidre-non-alc.jpg","width":1299,"height":1299},{"@type":"BreadcrumbList","@id":"https:\/\/galipettecidre.com\/fr\/produit\/sans-alcool\/#breadcrumb","itemListElement":[{"@type":"ListItem","position":1,"name":"Home","item":"https:\/\/galipettecidre.com\/fr\/nos-cidres\/"},{"@type":"ListItem","position":2,"name":"Produits","item":"https:\/\/galipettecidre.com\/fr\/shop\/"},{"@type":"ListItem","position":3,"name":"Sans Alcool"}]},{"@type":"WebSite","@id":"https:\/\/galipettecidre.com\/fr\/#website","url":"https:\/\/galipettecidre.com\/fr\/","name":"Galipette","description":"Online Shop","potentialAction":[{"@type":"SearchAction","target":{"@type":"EntryPoint","urlTemplate":"https:\/\/galipettecidre.com\/fr\/?s={search_term_string}"},"query-input":{"@type":"PropertyValueSpecification","valueRequired":true,"valueName":"search_term_string"}}],"inLanguage":"fr-FR"}]}},"_links":{"self":[{"href":"https:\/\/galipettecidre.com\/fr\/wp-json\/wp\/v2\/product\/645","targetHints":{"allow":["GET"]}}],"collection":[{"href":"https:\/\/galipettecidre.com\/fr\/wp-json\/wp\/v2\/product"}],"about":[{"href":"https:\/\/galipettecidre.com\/fr\/wp-json\/wp\/v2\/types\/product"}],"wp:featuredmedia":[{"embeddable":true,"href":"https:\/\/galipettecidre.com\/fr\/wp-json\/wp\/v2\/media\/341"}],"wp:attachment":[{"href":"https:\/\/galipettecidre.com\/fr\/wp-json\/wp\/v2\/media?parent=645"}],"wp:term":[{"taxonomy":"product_brand","embeddable":true,"href":"https:\/\/galipettecidre.com\/fr\/wp-json\/wp\/v2\/product_brand?post=645"},{"taxonomy":"product_cat","embeddable":true,"href":"https:\/\/galipettecidre.com\/fr\/wp-json\/wp\/v2\/product_cat?post=645"},{"taxonomy":"product_tag","embeddable":true,"href":"https:\/\/galipettecidre.com\/fr\/wp-json\/wp\/v2\/product_tag?post=645"}],"curies":[{"name":"wp","href":"https:\/\/api.w.org\/{rel}","templated":true}]}}