{"id":642,"date":"2022-03-30T10:16:17","date_gmt":"2022-03-30T10:16:17","guid":{"rendered":"https:\/\/p-vi0gcw.project.space\/product\/brut\/"},"modified":"2022-06-07T07:09:46","modified_gmt":"2022-06-07T07:09:46","slug":"brut","status":"publish","type":"product","link":"https:\/\/galipettecidre.com\/fr\/produit\/brut\/","title":{"rendered":"Brut"},"content":{"rendered":"<p><strong>GALIPETTE BRUT<\/strong> a \u00e9t\u00e9 notre premier cidre et c\u2019est avec lui que tout a commenc\u00e9. D\u00e9licieusement brut, il offre une harmonie parfaite entre acidit\u00e9 et tanins, entre sec et doux, et fait le pont entre les cidres \u00ab\u2009\u00e0 l\u2019ancienne\u2009\u00bb et un style plus contemporain.<\/p>\n<p>Son assemblage unique permet d\u2019\u00e9quilibrer les quatre types de pommes \u00e0 cidre \u2014 pommes douce, douce-am\u00e8re, am\u00e8re, acidul\u00e9e \u2014 \u00e0 travers des vari\u00e9t\u00e9s telles que Marie M\u00e9nard, Kermerrien ou Judor. Celles-ci proviennent de vergers de tradition situ\u00e9s pr\u00e8s du cours de la Rance, dans les C\u00f4tes-d\u2019Armor au nord de la Bretagne. Ce cidre est fid\u00e8le \u00e0 ses racines \u2014 et aux n\u00f4tres.<\/p>\n<p>Apr\u00e8s une fermentation lente, ce qui lui conf\u00e8re une puissance moyenne, il pr\u00e9sente une belle harmonie entre des notes de terre et des saveurs vibrants. Savourez cette boisson vive et d\u00e9lassante pour elle-m\u00eame, ou d\u00e9couvrez avec quel talent elle se marie avec des plats l\u00e9g\u00e8rement \u00e9pic\u00e9s&#8230;<\/p>\n","protected":false},"excerpt":{"rendered":"<p>12 \u00d7 330ml<\/p>\n","protected":false},"featured_media":348,"template":"","meta":{"_acf_changed":false},"product_brand":[],"product_cat":[64],"product_tag":[58],"class_list":{"0":"post-642","1":"product","2":"type-product","3":"status-publish","4":"has-post-thumbnail","6":"product_cat-uncategorized-fr","7":"product_tag-brut","9":"first","10":"instock","11":"taxable","12":"shipping-taxable","13":"purchasable","14":"product-type-simple"},"acf":[],"yoast_head":"<!-- This site is optimized with the Yoast SEO plugin v27.4 - https:\/\/yoast.com\/product\/yoast-seo-wordpress\/ -->\n<title>Brut - Galipette<\/title>\n<meta name=\"robots\" content=\"index, follow, max-snippet:-1, max-image-preview:large, max-video-preview:-1\" \/>\n<link rel=\"canonical\" href=\"https:\/\/galipettecidre.com\/fr\/produit\/brut\/\" \/>\n<meta property=\"og:locale\" content=\"fr_FR\" \/>\n<meta property=\"og:type\" content=\"article\" \/>\n<meta property=\"og:title\" content=\"Brut - Galipette\" \/>\n<meta property=\"og:description\" content=\"12 \u00d7 330ml\" \/>\n<meta property=\"og:url\" content=\"https:\/\/galipettecidre.com\/fr\/produit\/brut\/\" \/>\n<meta property=\"og:site_name\" content=\"Galipette\" \/>\n<meta property=\"article:modified_time\" content=\"2022-06-07T07:09:46+00:00\" \/>\n<meta property=\"og:image\" content=\"https:\/\/galipettecidre.com\/wp-content\/uploads\/2022\/03\/galipette-cidre-brut.jpg\" \/>\n\t<meta property=\"og:image:width\" content=\"1299\" \/>\n\t<meta property=\"og:image:height\" content=\"1299\" \/>\n\t<meta property=\"og:image:type\" content=\"image\/jpeg\" \/>\n<meta name=\"twitter:card\" content=\"summary_large_image\" \/>\n<meta name=\"twitter:label1\" content=\"Dur\u00e9e de lecture estim\u00e9e\" \/>\n\t<meta name=\"twitter:data1\" content=\"1 minute\" \/>\n<script type=\"application\/ld+json\" class=\"yoast-schema-graph\">{\"@context\":\"https:\\\/\\\/schema.org\",\"@graph\":[{\"@type\":\"WebPage\",\"@id\":\"https:\\\/\\\/galipettecidre.com\\\/fr\\\/produit\\\/brut\\\/\",\"url\":\"https:\\\/\\\/galipettecidre.com\\\/fr\\\/produit\\\/brut\\\/\",\"name\":\"Brut - Galipette\",\"isPartOf\":{\"@id\":\"https:\\\/\\\/galipettecidre.com\\\/fr\\\/#website\"},\"primaryImageOfPage\":{\"@id\":\"https:\\\/\\\/galipettecidre.com\\\/fr\\\/produit\\\/brut\\\/#primaryimage\"},\"image\":{\"@id\":\"https:\\\/\\\/galipettecidre.com\\\/fr\\\/produit\\\/brut\\\/#primaryimage\"},\"thumbnailUrl\":\"https:\\\/\\\/galipettecidre.com\\\/wp-content\\\/uploads\\\/2022\\\/03\\\/galipette-cidre-brut.jpg\",\"datePublished\":\"2022-03-30T10:16:17+00:00\",\"dateModified\":\"2022-06-07T07:09:46+00:00\",\"breadcrumb\":{\"@id\":\"https:\\\/\\\/galipettecidre.com\\\/fr\\\/produit\\\/brut\\\/#breadcrumb\"},\"inLanguage\":\"fr-FR\",\"potentialAction\":[{\"@type\":\"ReadAction\",\"target\":[\"https:\\\/\\\/galipettecidre.com\\\/fr\\\/produit\\\/brut\\\/\"]}]},{\"@type\":\"ImageObject\",\"inLanguage\":\"fr-FR\",\"@id\":\"https:\\\/\\\/galipettecidre.com\\\/fr\\\/produit\\\/brut\\\/#primaryimage\",\"url\":\"https:\\\/\\\/galipettecidre.com\\\/wp-content\\\/uploads\\\/2022\\\/03\\\/galipette-cidre-brut.jpg\",\"contentUrl\":\"https:\\\/\\\/galipettecidre.com\\\/wp-content\\\/uploads\\\/2022\\\/03\\\/galipette-cidre-brut.jpg\",\"width\":1299,\"height\":1299},{\"@type\":\"BreadcrumbList\",\"@id\":\"https:\\\/\\\/galipettecidre.com\\\/fr\\\/produit\\\/brut\\\/#breadcrumb\",\"itemListElement\":[{\"@type\":\"ListItem\",\"position\":1,\"name\":\"Home\",\"item\":\"https:\\\/\\\/galipettecidre.com\\\/fr\\\/nos-cidres\\\/\"},{\"@type\":\"ListItem\",\"position\":2,\"name\":\"Produits\",\"item\":\"https:\\\/\\\/galipettecidre.com\\\/fr\\\/shop\\\/\"},{\"@type\":\"ListItem\",\"position\":3,\"name\":\"Brut\"}]},{\"@type\":\"WebSite\",\"@id\":\"https:\\\/\\\/galipettecidre.com\\\/fr\\\/#website\",\"url\":\"https:\\\/\\\/galipettecidre.com\\\/fr\\\/\",\"name\":\"Galipette\",\"description\":\"Online Shop\",\"potentialAction\":[{\"@type\":\"SearchAction\",\"target\":{\"@type\":\"EntryPoint\",\"urlTemplate\":\"https:\\\/\\\/galipettecidre.com\\\/fr\\\/?s={search_term_string}\"},\"query-input\":{\"@type\":\"PropertyValueSpecification\",\"valueRequired\":true,\"valueName\":\"search_term_string\"}}],\"inLanguage\":\"fr-FR\"}]}<\/script>\n<!-- \/ Yoast SEO plugin. -->","yoast_head_json":{"title":"Brut - Galipette","robots":{"index":"index","follow":"follow","max-snippet":"max-snippet:-1","max-image-preview":"max-image-preview:large","max-video-preview":"max-video-preview:-1"},"canonical":"https:\/\/galipettecidre.com\/fr\/produit\/brut\/","og_locale":"fr_FR","og_type":"article","og_title":"Brut - Galipette","og_description":"12 \u00d7 330ml","og_url":"https:\/\/galipettecidre.com\/fr\/produit\/brut\/","og_site_name":"Galipette","article_modified_time":"2022-06-07T07:09:46+00:00","og_image":[{"width":1299,"height":1299,"url":"https:\/\/galipettecidre.com\/wp-content\/uploads\/2022\/03\/galipette-cidre-brut.jpg","type":"image\/jpeg"}],"twitter_card":"summary_large_image","twitter_misc":{"Dur\u00e9e de lecture estim\u00e9e":"1 minute"},"schema":{"@context":"https:\/\/schema.org","@graph":[{"@type":"WebPage","@id":"https:\/\/galipettecidre.com\/fr\/produit\/brut\/","url":"https:\/\/galipettecidre.com\/fr\/produit\/brut\/","name":"Brut - Galipette","isPartOf":{"@id":"https:\/\/galipettecidre.com\/fr\/#website"},"primaryImageOfPage":{"@id":"https:\/\/galipettecidre.com\/fr\/produit\/brut\/#primaryimage"},"image":{"@id":"https:\/\/galipettecidre.com\/fr\/produit\/brut\/#primaryimage"},"thumbnailUrl":"https:\/\/galipettecidre.com\/wp-content\/uploads\/2022\/03\/galipette-cidre-brut.jpg","datePublished":"2022-03-30T10:16:17+00:00","dateModified":"2022-06-07T07:09:46+00:00","breadcrumb":{"@id":"https:\/\/galipettecidre.com\/fr\/produit\/brut\/#breadcrumb"},"inLanguage":"fr-FR","potentialAction":[{"@type":"ReadAction","target":["https:\/\/galipettecidre.com\/fr\/produit\/brut\/"]}]},{"@type":"ImageObject","inLanguage":"fr-FR","@id":"https:\/\/galipettecidre.com\/fr\/produit\/brut\/#primaryimage","url":"https:\/\/galipettecidre.com\/wp-content\/uploads\/2022\/03\/galipette-cidre-brut.jpg","contentUrl":"https:\/\/galipettecidre.com\/wp-content\/uploads\/2022\/03\/galipette-cidre-brut.jpg","width":1299,"height":1299},{"@type":"BreadcrumbList","@id":"https:\/\/galipettecidre.com\/fr\/produit\/brut\/#breadcrumb","itemListElement":[{"@type":"ListItem","position":1,"name":"Home","item":"https:\/\/galipettecidre.com\/fr\/nos-cidres\/"},{"@type":"ListItem","position":2,"name":"Produits","item":"https:\/\/galipettecidre.com\/fr\/shop\/"},{"@type":"ListItem","position":3,"name":"Brut"}]},{"@type":"WebSite","@id":"https:\/\/galipettecidre.com\/fr\/#website","url":"https:\/\/galipettecidre.com\/fr\/","name":"Galipette","description":"Online Shop","potentialAction":[{"@type":"SearchAction","target":{"@type":"EntryPoint","urlTemplate":"https:\/\/galipettecidre.com\/fr\/?s={search_term_string}"},"query-input":{"@type":"PropertyValueSpecification","valueRequired":true,"valueName":"search_term_string"}}],"inLanguage":"fr-FR"}]}},"_links":{"self":[{"href":"https:\/\/galipettecidre.com\/fr\/wp-json\/wp\/v2\/product\/642","targetHints":{"allow":["GET"]}}],"collection":[{"href":"https:\/\/galipettecidre.com\/fr\/wp-json\/wp\/v2\/product"}],"about":[{"href":"https:\/\/galipettecidre.com\/fr\/wp-json\/wp\/v2\/types\/product"}],"wp:featuredmedia":[{"embeddable":true,"href":"https:\/\/galipettecidre.com\/fr\/wp-json\/wp\/v2\/media\/348"}],"wp:attachment":[{"href":"https:\/\/galipettecidre.com\/fr\/wp-json\/wp\/v2\/media?parent=642"}],"wp:term":[{"taxonomy":"product_brand","embeddable":true,"href":"https:\/\/galipettecidre.com\/fr\/wp-json\/wp\/v2\/product_brand?post=642"},{"taxonomy":"product_cat","embeddable":true,"href":"https:\/\/galipettecidre.com\/fr\/wp-json\/wp\/v2\/product_cat?post=642"},{"taxonomy":"product_tag","embeddable":true,"href":"https:\/\/galipettecidre.com\/fr\/wp-json\/wp\/v2\/product_tag?post=642"}],"curies":[{"name":"wp","href":"https:\/\/api.w.org\/{rel}","templated":true}]}}