{"id":1606,"date":"2024-08-23T11:35:26","date_gmt":"2024-08-23T11:35:26","guid":{"rendered":"https:\/\/p-vi0gcw.project.space\/product\/doux\/"},"modified":"2024-08-23T11:38:58","modified_gmt":"2024-08-23T11:38:58","slug":"doux","status":"publish","type":"product","link":"https:\/\/galipettecidre.com\/fr\/produit\/doux\/","title":{"rendered":"Doux"},"content":{"rendered":"<p><strong>GALIPETTE DOUX<\/strong> est la derni\u00e8re nouveaut\u00e9 de notre gamme de cidres de jus pur. Le Doux, un cidre doux \u00e9clatant et d&rsquo;une couleur dor\u00e9e vibrante, se caract\u00e9rise par son ar\u00f4me de caramel et son d\u00e9licieux go\u00fbt fruit\u00e9 de pomme r\u00e9elle.<\/p>\n<p>Il est produit \u00e0 partir de vari\u00e9t\u00e9s de pommes douces-am\u00e8res et douces telles que Judor, Kermerien et Douce Moen, et subit un processus de fermentation plus court qui conserve les sucres naturels. Cela r\u00e9sulte en une sensation en bouche onctueuse et un go\u00fbt avec des nuances de tarte au citron meringu\u00e9e, de miel et de tarte aux pommes.<\/p>\n<p>La douceur est \u00e9quilibr\u00e9e par une acidit\u00e9 rafra\u00eechissante, faisant de ce cidre la boisson parfaite \u00e0 savourer avec des moules frites, du fromage gorgonzola ou un crumble \u00e0 la rhubarbe.<\/p>\n","protected":false},"excerpt":{"rendered":"<p>12 \u00d7 330ml<\/p>\n","protected":false},"featured_media":1604,"template":"","meta":{"_acf_changed":false},"product_brand":[],"product_cat":[64],"product_tag":[67],"class_list":{"0":"post-1606","1":"product","2":"type-product","3":"status-publish","4":"has-post-thumbnail","6":"product_cat-uncategorized-fr","7":"product_tag-sweet-fr","9":"first","10":"instock","11":"taxable","12":"shipping-taxable","13":"purchasable","14":"product-type-simple"},"acf":[],"yoast_head":"<!-- This site is optimized with the Yoast SEO plugin v27.4 - https:\/\/yoast.com\/product\/yoast-seo-wordpress\/ -->\n<title>Doux - Galipette<\/title>\n<meta name=\"robots\" content=\"index, follow, max-snippet:-1, max-image-preview:large, max-video-preview:-1\" \/>\n<link rel=\"canonical\" href=\"https:\/\/galipettecidre.com\/fr\/produit\/doux\/\" \/>\n<meta property=\"og:locale\" content=\"fr_FR\" \/>\n<meta property=\"og:type\" content=\"article\" \/>\n<meta property=\"og:title\" content=\"Doux - Galipette\" \/>\n<meta property=\"og:description\" content=\"12 \u00d7 330ml\" \/>\n<meta property=\"og:url\" content=\"https:\/\/galipettecidre.com\/fr\/produit\/doux\/\" \/>\n<meta property=\"og:site_name\" content=\"Galipette\" \/>\n<meta property=\"article:modified_time\" content=\"2024-08-23T11:38:58+00:00\" \/>\n<meta property=\"og:image\" content=\"https:\/\/galipettecidre.com\/wp-content\/uploads\/2024\/08\/galipette-cidre-doux-packshot.jpg\" \/>\n\t<meta property=\"og:image:width\" content=\"1299\" \/>\n\t<meta property=\"og:image:height\" content=\"1299\" \/>\n\t<meta property=\"og:image:type\" content=\"image\/jpeg\" \/>\n<meta name=\"twitter:card\" content=\"summary_large_image\" \/>\n<meta name=\"twitter:label1\" content=\"Dur\u00e9e de lecture estim\u00e9e\" \/>\n\t<meta name=\"twitter:data1\" content=\"1 minute\" \/>\n<script type=\"application\/ld+json\" class=\"yoast-schema-graph\">{\"@context\":\"https:\\\/\\\/schema.org\",\"@graph\":[{\"@type\":\"WebPage\",\"@id\":\"https:\\\/\\\/galipettecidre.com\\\/fr\\\/produit\\\/doux\\\/\",\"url\":\"https:\\\/\\\/galipettecidre.com\\\/fr\\\/produit\\\/doux\\\/\",\"name\":\"Doux - Galipette\",\"isPartOf\":{\"@id\":\"https:\\\/\\\/galipettecidre.com\\\/fr\\\/#website\"},\"primaryImageOfPage\":{\"@id\":\"https:\\\/\\\/galipettecidre.com\\\/fr\\\/produit\\\/doux\\\/#primaryimage\"},\"image\":{\"@id\":\"https:\\\/\\\/galipettecidre.com\\\/fr\\\/produit\\\/doux\\\/#primaryimage\"},\"thumbnailUrl\":\"https:\\\/\\\/galipettecidre.com\\\/wp-content\\\/uploads\\\/2024\\\/08\\\/galipette-cidre-doux-packshot.jpg\",\"datePublished\":\"2024-08-23T11:35:26+00:00\",\"dateModified\":\"2024-08-23T11:38:58+00:00\",\"breadcrumb\":{\"@id\":\"https:\\\/\\\/galipettecidre.com\\\/fr\\\/produit\\\/doux\\\/#breadcrumb\"},\"inLanguage\":\"fr-FR\",\"potentialAction\":[{\"@type\":\"ReadAction\",\"target\":[\"https:\\\/\\\/galipettecidre.com\\\/fr\\\/produit\\\/doux\\\/\"]}]},{\"@type\":\"ImageObject\",\"inLanguage\":\"fr-FR\",\"@id\":\"https:\\\/\\\/galipettecidre.com\\\/fr\\\/produit\\\/doux\\\/#primaryimage\",\"url\":\"https:\\\/\\\/galipettecidre.com\\\/wp-content\\\/uploads\\\/2024\\\/08\\\/galipette-cidre-doux-packshot.jpg\",\"contentUrl\":\"https:\\\/\\\/galipettecidre.com\\\/wp-content\\\/uploads\\\/2024\\\/08\\\/galipette-cidre-doux-packshot.jpg\",\"width\":1299,\"height\":1299,\"caption\":\"Product image Cidre Doux\"},{\"@type\":\"BreadcrumbList\",\"@id\":\"https:\\\/\\\/galipettecidre.com\\\/fr\\\/produit\\\/doux\\\/#breadcrumb\",\"itemListElement\":[{\"@type\":\"ListItem\",\"position\":1,\"name\":\"Home\",\"item\":\"https:\\\/\\\/galipettecidre.com\\\/fr\\\/nos-cidres\\\/\"},{\"@type\":\"ListItem\",\"position\":2,\"name\":\"Produits\",\"item\":\"https:\\\/\\\/galipettecidre.com\\\/fr\\\/shop\\\/\"},{\"@type\":\"ListItem\",\"position\":3,\"name\":\"Doux\"}]},{\"@type\":\"WebSite\",\"@id\":\"https:\\\/\\\/galipettecidre.com\\\/fr\\\/#website\",\"url\":\"https:\\\/\\\/galipettecidre.com\\\/fr\\\/\",\"name\":\"Galipette\",\"description\":\"Online Shop\",\"potentialAction\":[{\"@type\":\"SearchAction\",\"target\":{\"@type\":\"EntryPoint\",\"urlTemplate\":\"https:\\\/\\\/galipettecidre.com\\\/fr\\\/?s={search_term_string}\"},\"query-input\":{\"@type\":\"PropertyValueSpecification\",\"valueRequired\":true,\"valueName\":\"search_term_string\"}}],\"inLanguage\":\"fr-FR\"}]}<\/script>\n<!-- \/ Yoast SEO plugin. -->","yoast_head_json":{"title":"Doux - Galipette","robots":{"index":"index","follow":"follow","max-snippet":"max-snippet:-1","max-image-preview":"max-image-preview:large","max-video-preview":"max-video-preview:-1"},"canonical":"https:\/\/galipettecidre.com\/fr\/produit\/doux\/","og_locale":"fr_FR","og_type":"article","og_title":"Doux - Galipette","og_description":"12 \u00d7 330ml","og_url":"https:\/\/galipettecidre.com\/fr\/produit\/doux\/","og_site_name":"Galipette","article_modified_time":"2024-08-23T11:38:58+00:00","og_image":[{"width":1299,"height":1299,"url":"https:\/\/galipettecidre.com\/wp-content\/uploads\/2024\/08\/galipette-cidre-doux-packshot.jpg","type":"image\/jpeg"}],"twitter_card":"summary_large_image","twitter_misc":{"Dur\u00e9e de lecture estim\u00e9e":"1 minute"},"schema":{"@context":"https:\/\/schema.org","@graph":[{"@type":"WebPage","@id":"https:\/\/galipettecidre.com\/fr\/produit\/doux\/","url":"https:\/\/galipettecidre.com\/fr\/produit\/doux\/","name":"Doux - Galipette","isPartOf":{"@id":"https:\/\/galipettecidre.com\/fr\/#website"},"primaryImageOfPage":{"@id":"https:\/\/galipettecidre.com\/fr\/produit\/doux\/#primaryimage"},"image":{"@id":"https:\/\/galipettecidre.com\/fr\/produit\/doux\/#primaryimage"},"thumbnailUrl":"https:\/\/galipettecidre.com\/wp-content\/uploads\/2024\/08\/galipette-cidre-doux-packshot.jpg","datePublished":"2024-08-23T11:35:26+00:00","dateModified":"2024-08-23T11:38:58+00:00","breadcrumb":{"@id":"https:\/\/galipettecidre.com\/fr\/produit\/doux\/#breadcrumb"},"inLanguage":"fr-FR","potentialAction":[{"@type":"ReadAction","target":["https:\/\/galipettecidre.com\/fr\/produit\/doux\/"]}]},{"@type":"ImageObject","inLanguage":"fr-FR","@id":"https:\/\/galipettecidre.com\/fr\/produit\/doux\/#primaryimage","url":"https:\/\/galipettecidre.com\/wp-content\/uploads\/2024\/08\/galipette-cidre-doux-packshot.jpg","contentUrl":"https:\/\/galipettecidre.com\/wp-content\/uploads\/2024\/08\/galipette-cidre-doux-packshot.jpg","width":1299,"height":1299,"caption":"Product image Cidre Doux"},{"@type":"BreadcrumbList","@id":"https:\/\/galipettecidre.com\/fr\/produit\/doux\/#breadcrumb","itemListElement":[{"@type":"ListItem","position":1,"name":"Home","item":"https:\/\/galipettecidre.com\/fr\/nos-cidres\/"},{"@type":"ListItem","position":2,"name":"Produits","item":"https:\/\/galipettecidre.com\/fr\/shop\/"},{"@type":"ListItem","position":3,"name":"Doux"}]},{"@type":"WebSite","@id":"https:\/\/galipettecidre.com\/fr\/#website","url":"https:\/\/galipettecidre.com\/fr\/","name":"Galipette","description":"Online Shop","potentialAction":[{"@type":"SearchAction","target":{"@type":"EntryPoint","urlTemplate":"https:\/\/galipettecidre.com\/fr\/?s={search_term_string}"},"query-input":{"@type":"PropertyValueSpecification","valueRequired":true,"valueName":"search_term_string"}}],"inLanguage":"fr-FR"}]}},"_links":{"self":[{"href":"https:\/\/galipettecidre.com\/fr\/wp-json\/wp\/v2\/product\/1606","targetHints":{"allow":["GET"]}}],"collection":[{"href":"https:\/\/galipettecidre.com\/fr\/wp-json\/wp\/v2\/product"}],"about":[{"href":"https:\/\/galipettecidre.com\/fr\/wp-json\/wp\/v2\/types\/product"}],"wp:featuredmedia":[{"embeddable":true,"href":"https:\/\/galipettecidre.com\/fr\/wp-json\/wp\/v2\/media\/1604"}],"wp:attachment":[{"href":"https:\/\/galipettecidre.com\/fr\/wp-json\/wp\/v2\/media?parent=1606"}],"wp:term":[{"taxonomy":"product_brand","embeddable":true,"href":"https:\/\/galipettecidre.com\/fr\/wp-json\/wp\/v2\/product_brand?post=1606"},{"taxonomy":"product_cat","embeddable":true,"href":"https:\/\/galipettecidre.com\/fr\/wp-json\/wp\/v2\/product_cat?post=1606"},{"taxonomy":"product_tag","embeddable":true,"href":"https:\/\/galipettecidre.com\/fr\/wp-json\/wp\/v2\/product_tag?post=1606"}],"curies":[{"name":"wp","href":"https:\/\/api.w.org\/{rel}","templated":true}]}}