{"id":1602,"date":"2024-08-23T11:14:54","date_gmt":"2024-08-23T11:14:54","guid":{"rendered":"https:\/\/p-vi0gcw.project.space\/product\/rose-non-alc\/"},"modified":"2025-02-06T12:06:17","modified_gmt":"2025-02-06T12:06:17","slug":"rose-non-alc","status":"publish","type":"product","link":"https:\/\/galipettecidre.com\/fr\/produit\/rose-non-alc\/","title":{"rendered":"Ros\u00e9 Non-Alc"},"content":{"rendered":"<p class=\"p1\"><strong>GALIPETTE ROS\u00c9 NON ALC<\/strong> est le deuxi\u00e8me cidre non alcoolis\u00e9 de notre gamme. \u00c9labor\u00e9 \u00e0 partir de rares Pommes \u00e0 Chair Rouge, il capture l&rsquo;essence d&rsquo;un v\u00e9ritable ros\u00e9 avec un go\u00fbt d\u00e9licieux et une teinte ambr\u00e9e naturellement variable \u00e0 chaque lot.<\/p>\n<p class=\"p1\">Ces pommes exceptionnelles, cultiv\u00e9es dans les vergers c\u00f4tiers de Bretagne, sont c\u00e9l\u00e9br\u00e9es pour leur acidit\u00e9 croustillante et les riches pigments rouges pr\u00e9sents non seulement dans leur peau mais aussi dans leur chair, donnant naissance \u00e0 cette couleur unique.<\/p>\n<p class=\"p1\">En utilisant un processus de keeving s\u00e9culaire, nous pr\u00e9servons la douceur naturelle et fruit\u00e9e en emp\u00eachant les levures sauvages de fermenter le jus. Le r\u00e9sultat est un cidre non alcoolis\u00e9 exceptionnellement rafra\u00eechissant. Savourez son acidit\u00e9 vivante et sa saveur gratifiante tout au long de l&rsquo;\u00e9t\u00e9, ou laissez-le vous transporter vers la promesse de jours d&rsquo;\u00e9t\u00e9 interminables.<\/p>\n","protected":false},"excerpt":{"rendered":"<p>12 \u00d7 330ml<\/p>\n","protected":false},"featured_media":1601,"template":"","meta":{"_acf_changed":false},"product_brand":[],"product_cat":[64],"product_tag":[67],"class_list":{"0":"post-1602","1":"product","2":"type-product","3":"status-publish","4":"has-post-thumbnail","6":"product_cat-uncategorized-fr","7":"product_tag-sweet-fr","9":"first","10":"instock","11":"taxable","12":"shipping-taxable","13":"purchasable","14":"product-type-simple"},"acf":[],"yoast_head":"<!-- This site is optimized with the Yoast SEO plugin v27.4 - https:\/\/yoast.com\/product\/yoast-seo-wordpress\/ -->\n<title>Ros\u00e9 Non-Alc - Galipette<\/title>\n<meta name=\"robots\" content=\"index, follow, max-snippet:-1, max-image-preview:large, max-video-preview:-1\" \/>\n<link rel=\"canonical\" href=\"https:\/\/galipettecidre.com\/fr\/produit\/rose-non-alc\/\" \/>\n<meta property=\"og:locale\" content=\"fr_FR\" \/>\n<meta property=\"og:type\" content=\"article\" \/>\n<meta property=\"og:title\" content=\"Ros\u00e9 Non-Alc - Galipette\" \/>\n<meta property=\"og:description\" content=\"12 \u00d7 330ml\" \/>\n<meta property=\"og:url\" content=\"https:\/\/galipettecidre.com\/fr\/produit\/rose-non-alc\/\" \/>\n<meta property=\"og:site_name\" content=\"Galipette\" \/>\n<meta property=\"article:modified_time\" content=\"2025-02-06T12:06:17+00:00\" \/>\n<meta property=\"og:image\" content=\"https:\/\/galipettecidre.com\/wp-content\/uploads\/2024\/08\/galipette-cidre-rose-packshot.jpg\" \/>\n\t<meta property=\"og:image:width\" content=\"1299\" \/>\n\t<meta property=\"og:image:height\" content=\"1299\" \/>\n\t<meta property=\"og:image:type\" content=\"image\/jpeg\" \/>\n<meta name=\"twitter:card\" content=\"summary_large_image\" \/>\n<meta name=\"twitter:label1\" content=\"Dur\u00e9e de lecture estim\u00e9e\" \/>\n\t<meta name=\"twitter:data1\" content=\"1 minute\" \/>\n<script type=\"application\/ld+json\" class=\"yoast-schema-graph\">{\"@context\":\"https:\\\/\\\/schema.org\",\"@graph\":[{\"@type\":\"WebPage\",\"@id\":\"https:\\\/\\\/galipettecidre.com\\\/fr\\\/produit\\\/rose-non-alc\\\/\",\"url\":\"https:\\\/\\\/galipettecidre.com\\\/fr\\\/produit\\\/rose-non-alc\\\/\",\"name\":\"Ros\u00e9 Non-Alc - Galipette\",\"isPartOf\":{\"@id\":\"https:\\\/\\\/galipettecidre.com\\\/fr\\\/#website\"},\"primaryImageOfPage\":{\"@id\":\"https:\\\/\\\/galipettecidre.com\\\/fr\\\/produit\\\/rose-non-alc\\\/#primaryimage\"},\"image\":{\"@id\":\"https:\\\/\\\/galipettecidre.com\\\/fr\\\/produit\\\/rose-non-alc\\\/#primaryimage\"},\"thumbnailUrl\":\"https:\\\/\\\/galipettecidre.com\\\/wp-content\\\/uploads\\\/2024\\\/08\\\/galipette-cidre-rose-packshot.jpg\",\"datePublished\":\"2024-08-23T11:14:54+00:00\",\"dateModified\":\"2025-02-06T12:06:17+00:00\",\"breadcrumb\":{\"@id\":\"https:\\\/\\\/galipettecidre.com\\\/fr\\\/produit\\\/rose-non-alc\\\/#breadcrumb\"},\"inLanguage\":\"fr-FR\",\"potentialAction\":[{\"@type\":\"ReadAction\",\"target\":[\"https:\\\/\\\/galipettecidre.com\\\/fr\\\/produit\\\/rose-non-alc\\\/\"]}]},{\"@type\":\"ImageObject\",\"inLanguage\":\"fr-FR\",\"@id\":\"https:\\\/\\\/galipettecidre.com\\\/fr\\\/produit\\\/rose-non-alc\\\/#primaryimage\",\"url\":\"https:\\\/\\\/galipettecidre.com\\\/wp-content\\\/uploads\\\/2024\\\/08\\\/galipette-cidre-rose-packshot.jpg\",\"contentUrl\":\"https:\\\/\\\/galipettecidre.com\\\/wp-content\\\/uploads\\\/2024\\\/08\\\/galipette-cidre-rose-packshot.jpg\",\"width\":1299,\"height\":1299,\"caption\":\"Product image Cidre Rose\"},{\"@type\":\"BreadcrumbList\",\"@id\":\"https:\\\/\\\/galipettecidre.com\\\/fr\\\/produit\\\/rose-non-alc\\\/#breadcrumb\",\"itemListElement\":[{\"@type\":\"ListItem\",\"position\":1,\"name\":\"Home\",\"item\":\"https:\\\/\\\/galipettecidre.com\\\/fr\\\/nos-cidres\\\/\"},{\"@type\":\"ListItem\",\"position\":2,\"name\":\"Produits\",\"item\":\"https:\\\/\\\/galipettecidre.com\\\/fr\\\/shop\\\/\"},{\"@type\":\"ListItem\",\"position\":3,\"name\":\"Ros\u00e9 Non-Alc\"}]},{\"@type\":\"WebSite\",\"@id\":\"https:\\\/\\\/galipettecidre.com\\\/fr\\\/#website\",\"url\":\"https:\\\/\\\/galipettecidre.com\\\/fr\\\/\",\"name\":\"Galipette\",\"description\":\"Online Shop\",\"potentialAction\":[{\"@type\":\"SearchAction\",\"target\":{\"@type\":\"EntryPoint\",\"urlTemplate\":\"https:\\\/\\\/galipettecidre.com\\\/fr\\\/?s={search_term_string}\"},\"query-input\":{\"@type\":\"PropertyValueSpecification\",\"valueRequired\":true,\"valueName\":\"search_term_string\"}}],\"inLanguage\":\"fr-FR\"}]}<\/script>\n<!-- \/ Yoast SEO plugin. -->","yoast_head_json":{"title":"Ros\u00e9 Non-Alc - Galipette","robots":{"index":"index","follow":"follow","max-snippet":"max-snippet:-1","max-image-preview":"max-image-preview:large","max-video-preview":"max-video-preview:-1"},"canonical":"https:\/\/galipettecidre.com\/fr\/produit\/rose-non-alc\/","og_locale":"fr_FR","og_type":"article","og_title":"Ros\u00e9 Non-Alc - Galipette","og_description":"12 \u00d7 330ml","og_url":"https:\/\/galipettecidre.com\/fr\/produit\/rose-non-alc\/","og_site_name":"Galipette","article_modified_time":"2025-02-06T12:06:17+00:00","og_image":[{"width":1299,"height":1299,"url":"https:\/\/galipettecidre.com\/wp-content\/uploads\/2024\/08\/galipette-cidre-rose-packshot.jpg","type":"image\/jpeg"}],"twitter_card":"summary_large_image","twitter_misc":{"Dur\u00e9e de lecture estim\u00e9e":"1 minute"},"schema":{"@context":"https:\/\/schema.org","@graph":[{"@type":"WebPage","@id":"https:\/\/galipettecidre.com\/fr\/produit\/rose-non-alc\/","url":"https:\/\/galipettecidre.com\/fr\/produit\/rose-non-alc\/","name":"Ros\u00e9 Non-Alc - Galipette","isPartOf":{"@id":"https:\/\/galipettecidre.com\/fr\/#website"},"primaryImageOfPage":{"@id":"https:\/\/galipettecidre.com\/fr\/produit\/rose-non-alc\/#primaryimage"},"image":{"@id":"https:\/\/galipettecidre.com\/fr\/produit\/rose-non-alc\/#primaryimage"},"thumbnailUrl":"https:\/\/galipettecidre.com\/wp-content\/uploads\/2024\/08\/galipette-cidre-rose-packshot.jpg","datePublished":"2024-08-23T11:14:54+00:00","dateModified":"2025-02-06T12:06:17+00:00","breadcrumb":{"@id":"https:\/\/galipettecidre.com\/fr\/produit\/rose-non-alc\/#breadcrumb"},"inLanguage":"fr-FR","potentialAction":[{"@type":"ReadAction","target":["https:\/\/galipettecidre.com\/fr\/produit\/rose-non-alc\/"]}]},{"@type":"ImageObject","inLanguage":"fr-FR","@id":"https:\/\/galipettecidre.com\/fr\/produit\/rose-non-alc\/#primaryimage","url":"https:\/\/galipettecidre.com\/wp-content\/uploads\/2024\/08\/galipette-cidre-rose-packshot.jpg","contentUrl":"https:\/\/galipettecidre.com\/wp-content\/uploads\/2024\/08\/galipette-cidre-rose-packshot.jpg","width":1299,"height":1299,"caption":"Product image Cidre Rose"},{"@type":"BreadcrumbList","@id":"https:\/\/galipettecidre.com\/fr\/produit\/rose-non-alc\/#breadcrumb","itemListElement":[{"@type":"ListItem","position":1,"name":"Home","item":"https:\/\/galipettecidre.com\/fr\/nos-cidres\/"},{"@type":"ListItem","position":2,"name":"Produits","item":"https:\/\/galipettecidre.com\/fr\/shop\/"},{"@type":"ListItem","position":3,"name":"Ros\u00e9 Non-Alc"}]},{"@type":"WebSite","@id":"https:\/\/galipettecidre.com\/fr\/#website","url":"https:\/\/galipettecidre.com\/fr\/","name":"Galipette","description":"Online Shop","potentialAction":[{"@type":"SearchAction","target":{"@type":"EntryPoint","urlTemplate":"https:\/\/galipettecidre.com\/fr\/?s={search_term_string}"},"query-input":{"@type":"PropertyValueSpecification","valueRequired":true,"valueName":"search_term_string"}}],"inLanguage":"fr-FR"}]}},"_links":{"self":[{"href":"https:\/\/galipettecidre.com\/fr\/wp-json\/wp\/v2\/product\/1602","targetHints":{"allow":["GET"]}}],"collection":[{"href":"https:\/\/galipettecidre.com\/fr\/wp-json\/wp\/v2\/product"}],"about":[{"href":"https:\/\/galipettecidre.com\/fr\/wp-json\/wp\/v2\/types\/product"}],"wp:featuredmedia":[{"embeddable":true,"href":"https:\/\/galipettecidre.com\/fr\/wp-json\/wp\/v2\/media\/1601"}],"wp:attachment":[{"href":"https:\/\/galipettecidre.com\/fr\/wp-json\/wp\/v2\/media?parent=1602"}],"wp:term":[{"taxonomy":"product_brand","embeddable":true,"href":"https:\/\/galipettecidre.com\/fr\/wp-json\/wp\/v2\/product_brand?post=1602"},{"taxonomy":"product_cat","embeddable":true,"href":"https:\/\/galipettecidre.com\/fr\/wp-json\/wp\/v2\/product_cat?post=1602"},{"taxonomy":"product_tag","embeddable":true,"href":"https:\/\/galipettecidre.com\/fr\/wp-json\/wp\/v2\/product_tag?post=1602"}],"curies":[{"name":"wp","href":"https:\/\/api.w.org\/{rel}","templated":true}]}}