{"id":710,"date":"2022-05-17T12:33:49","date_gmt":"2022-05-17T12:33:49","guid":{"rendered":"https:\/\/p-vi0gcw.project.space\/?page_id=710"},"modified":"2022-06-03T13:48:13","modified_gmt":"2022-06-03T13:48:13","slug":"nous-contacter","status":"publish","type":"page","link":"https:\/\/galipettecidre.com\/fr\/nous-contacter\/","title":{"rendered":"Nous contacter"},"content":{"rendered":"<section class=\"section \" id=\"\">\n\t\n\n<h2 class=\"has-text-align-center wp-block-heading\">NOUS CONTACTER<\/h2>\n\n\n\n<p class=\"has-text-align-center\">Vous avez des questions sur Galipette Cidre\u2009? Nous sommes \u00e0 votre service\u2009!<\/p>\n\n\n\n<div class=\"contact-items\">\n\t<div class=\"contact-items__left\">\n\t\t\t\t<div class=\"contact-item contact-item--is-active\" data-id=\"contact-item-708\">\n\t\t\t<h3 class=\"contact-item__title\">\n\t\t\t\t<div class=\"contact-item__title__indicator\"><svg width=\"16\" height=\"16\" viewBox=\"0 0 16 16\" fill=\"none\" xmlns=\"http:\/\/www.w3.org\/2000\/svg\"><path fill-rule=\"evenodd\" clip-rule=\"evenodd\" d=\"M14 8a6 6 0 0 0-6-6 6 6 0 0 0-6 6 6 6 0 0 0 6 6 6 6 0 0 0 6-6ZM1 8a7 7 0 0 1 7-7 7 7 0 0 1 7 7 7 7 0 0 1-7 7 7 7 0 0 1-7-7Zm3-.5h8v1H4v-1Z\" fill=\"#02253B\"\/><path d=\"M8.5 12V4h-1v8h1Z\" fill=\"#02253B\"\/><\/svg><\/div>\n\t\t\t\tNOUS CONTACTER\t\t\t<\/h3>\n\t\t\t\n\t\t\t<div class=\"contact-item__description\">\n\t\t\t\t\t\t\t<\/div>\n\n\t\t\t<div class=\"contact-item__mobile-content is-active\" id=\"contact-item-708\">\n\t\t\t\t\n<div class=\"wpcf7 no-js\" id=\"wpcf7-f709-o1\" lang=\"fr-FR\" dir=\"ltr\" data-wpcf7-id=\"709\">\n<div class=\"screen-reader-response\"><p role=\"status\" aria-live=\"polite\" aria-atomic=\"true\"><\/p> <ul><\/ul><\/div>\n<form action=\"\/fr\/wp-json\/wp\/v2\/pages\/710#wpcf7-f709-o1\" method=\"post\" class=\"wpcf7-form init\" aria-label=\"Formulaire de contact\" novalidate=\"novalidate\" data-status=\"init\">\n<fieldset class=\"hidden-fields-container\"><input type=\"hidden\" name=\"_wpcf7\" value=\"709\" \/><input type=\"hidden\" name=\"_wpcf7_version\" value=\"6.1.5\" \/><input type=\"hidden\" name=\"_wpcf7_locale\" value=\"fr_FR\" \/><input type=\"hidden\" name=\"_wpcf7_unit_tag\" value=\"wpcf7-f709-o1\" \/><input type=\"hidden\" name=\"_wpcf7_container_post\" value=\"0\" \/><input type=\"hidden\" name=\"_wpcf7_posted_data_hash\" value=\"\" \/><input type=\"hidden\" name=\"_wpcf7_recaptcha_response\" value=\"\" \/>\n<\/fieldset>\n<label> Merci de s\u00e9lectionner une rubrique dans le menu d\u00e9roulant ci-dessous.\n<span class=\"wpcf7-form-control-wrap\" data-name=\"cf7-dropdown\"><select class=\"wpcf7-form-control wpcf7-select\" aria-invalid=\"false\" name=\"cf7-dropdown\"><option value=\"contact\">Remarque g\u00e9n\u00e9rale\/feedback\/question<\/option><option value=\"contact_info\">Service client \u2014 question concernant votre commande<\/option><option value=\"contact\">Demande de renseignements clients professionnels\/distributeurs<\/option><option value=\"contact\">Demande de renseignements m\u00e9dias<\/option><option value=\"contact\">Autre<\/option><\/select><\/span><\/label>\n\n<label> E-mail\n    <span class=\"wpcf7-form-control-wrap\" data-name=\"email\"><input size=\"40\" maxlength=\"400\" class=\"wpcf7-form-control wpcf7-email wpcf7-validates-as-required wpcf7-text wpcf7-validates-as-email\" aria-required=\"true\" aria-invalid=\"false\" placeholder=\"email@domain.com\" value=\"\" type=\"email\" name=\"email\" \/><\/span> <\/label>\n\n<label> Order number\n    <span class=\"wpcf7-form-control-wrap\" data-name=\"order_number\"><input size=\"40\" maxlength=\"400\" class=\"wpcf7-form-control wpcf7-text\" aria-invalid=\"false\" placeholder=\"ABC1234\" value=\"\" type=\"text\" name=\"order_number\" \/><\/span> <\/label>\n\n<label> Message\n    <span class=\"wpcf7-form-control-wrap\" data-name=\"message\"><textarea cols=\"40\" rows=\"10\" maxlength=\"2000\" class=\"wpcf7-form-control wpcf7-textarea\" aria-invalid=\"false\" placeholder=\"Salut...\" name=\"message\"><\/textarea><\/span> <\/label>\n\n<input class=\"wpcf7-form-control wpcf7-submit has-spinner\" type=\"submit\" value=\"Send\" \/><div class=\"wpcf7-response-output\" aria-hidden=\"true\"><\/div>\n<\/form>\n<\/div>\n\n\t\t\t<\/div>\n\t\t<\/div>\n\t\t\t<\/div>\n\t<div class=\"contact-items__right\">\n\t\t\t\t<div class=\"contact-item__content is-active\" id=\"contact-item-708\">\n\t\t\t\n<div class=\"wpcf7 no-js\" id=\"wpcf7-f709-o2\" lang=\"fr-FR\" dir=\"ltr\" data-wpcf7-id=\"709\">\n<div class=\"screen-reader-response\"><p role=\"status\" aria-live=\"polite\" aria-atomic=\"true\"><\/p> <ul><\/ul><\/div>\n<form action=\"\/fr\/wp-json\/wp\/v2\/pages\/710#wpcf7-f709-o2\" method=\"post\" class=\"wpcf7-form init\" aria-label=\"Formulaire de contact\" novalidate=\"novalidate\" data-status=\"init\">\n<fieldset class=\"hidden-fields-container\"><input type=\"hidden\" name=\"_wpcf7\" value=\"709\" \/><input type=\"hidden\" name=\"_wpcf7_version\" value=\"6.1.5\" \/><input type=\"hidden\" name=\"_wpcf7_locale\" value=\"fr_FR\" \/><input type=\"hidden\" name=\"_wpcf7_unit_tag\" value=\"wpcf7-f709-o2\" \/><input type=\"hidden\" name=\"_wpcf7_container_post\" value=\"0\" \/><input type=\"hidden\" name=\"_wpcf7_posted_data_hash\" value=\"\" \/><input type=\"hidden\" name=\"_wpcf7_recaptcha_response\" value=\"\" \/>\n<\/fieldset>\n<label> Merci de s\u00e9lectionner une rubrique dans le menu d\u00e9roulant ci-dessous.\n<span class=\"wpcf7-form-control-wrap\" data-name=\"cf7-dropdown\"><select class=\"wpcf7-form-control wpcf7-select\" aria-invalid=\"false\" name=\"cf7-dropdown\"><option value=\"contact\">Remarque g\u00e9n\u00e9rale\/feedback\/question<\/option><option value=\"contact_info\">Service client \u2014 question concernant votre commande<\/option><option value=\"contact\">Demande de renseignements clients professionnels\/distributeurs<\/option><option value=\"contact\">Demande de renseignements m\u00e9dias<\/option><option value=\"contact\">Autre<\/option><\/select><\/span><\/label>\n\n<label> E-mail\n    <span class=\"wpcf7-form-control-wrap\" data-name=\"email\"><input size=\"40\" maxlength=\"400\" class=\"wpcf7-form-control wpcf7-email wpcf7-validates-as-required wpcf7-text wpcf7-validates-as-email\" aria-required=\"true\" aria-invalid=\"false\" placeholder=\"email@domain.com\" value=\"\" type=\"email\" name=\"email\" \/><\/span> <\/label>\n\n<label> Order number\n    <span class=\"wpcf7-form-control-wrap\" data-name=\"order_number\"><input size=\"40\" maxlength=\"400\" class=\"wpcf7-form-control wpcf7-text\" aria-invalid=\"false\" placeholder=\"ABC1234\" value=\"\" type=\"text\" name=\"order_number\" \/><\/span> <\/label>\n\n<label> Message\n    <span class=\"wpcf7-form-control-wrap\" data-name=\"message\"><textarea cols=\"40\" rows=\"10\" maxlength=\"2000\" class=\"wpcf7-form-control wpcf7-textarea\" aria-invalid=\"false\" placeholder=\"Salut...\" name=\"message\"><\/textarea><\/span> <\/label>\n\n<input class=\"wpcf7-form-control wpcf7-submit has-spinner\" type=\"submit\" value=\"Send\" \/><div class=\"wpcf7-response-output\" aria-hidden=\"true\"><\/div>\n<\/form>\n<\/div>\n\n\t\t<\/div>\n\t\t\t<\/div>\n<\/div>\n\n\n\n\n<p class=\"has-text-align-center\">Vous pouvez \u00e9galement nous \u00e9crire directement \u00e0&nbsp;: <a href=\"mailto:contact@galipettecidre.com\" target=\"_blank\" rel=\"noreferrer noopener\">contact@galipettecidre.com<\/a><\/p>\n\n<\/section>\n\n\n<section class=\"section \" id=\"\">\n\t\n\n<h2 class=\"has-text-align-center wp-block-heading\">ABONNEZ-VOUS AUX NEWS DE GALIPETTE<\/h2>\n\n\n\n<p class=\"has-text-align-center\">Merci de renseigner vos coordonn\u00e9es ci-dessous, cela vous permettra de recevoir par e-mail les toutes derni\u00e8res nouvelles de Galipette au sujet de nos cidres, \u00e9v\u00e9nements, offres et concours\u2009! Nous ne transmettrons jamais vos coordonn\u00e9es \u00e0 un tiers sans votre autorisation.<\/p>\n\n\n\n<!-- Begin Mailchimp Signup Form -->\n<link href=\"\/\/cdn-images.mailchimp.com\/embedcode\/classic-10_7_dtp.css\" rel=\"stylesheet\" type=\"text\/css\">\n<style type=\"text\/css\">\n\t#mc-embedded-subscribe-form input[type=checkbox]{display: inline; width: auto;margin-right: 10px;}\n\t#mergeRow-gdpr {margin-top: 20px;}\n\t#mergeRow-gdpr fieldset label {font-weight: normal;}\n\t#mc-embedded-subscribe-form .mc_fieldset{border:none;min-height: 0px;padding-bottom:0px;}\n<\/style>\n<div id=\"mc_embed_signup\">\n<form action=\"https:\/\/galipettecidre.us14.list-manage.com\/subscribe\/post?u=5aa5df83ca587a79848ee85bb&amp;id=0aad397eaf\" method=\"post\" id=\"mc-embedded-subscribe-form\" name=\"mc-embedded-subscribe-form\" class=\"validate\" target=\"_blank\" novalidate=\"\">\n    <div id=\"mc_embed_signup_scroll\">\n\n<div class=\"indicates-required\"><span class=\"asterisk\">*<\/span> indicates required<\/div>\n<div class=\"mc-field-group\">\n\t<label for=\"mce-EMAIL\">Email Address  <span class=\"asterisk\">*<\/span>\n<\/label>\n\t<input type=\"email\" value=\"\" name=\"EMAIL\" class=\"required email\" id=\"mce-EMAIL\">\n<\/div>\n<div class=\"mc-field-group\">\n\t<label for=\"mce-FNAME\">Pr\u00e9nom <\/label>\n\t<input type=\"text\" value=\"\" name=\"FNAME\" class=\"\" id=\"mce-FNAME\">\n<\/div>\n<div class=\"mc-field-group\">\n\t<label for=\"mce-LNAME\">Nom de famille<\/label>\n\t<input type=\"text\" value=\"\" name=\"LNAME\" class=\"\" id=\"mce-LNAME\">\n<\/div>\n<div id=\"mergeRow-gdpr\" class=\"mergeRow gdpr-mergeRow content__gdprBlock mc-field-group\">\n    <div class=\"content__gdpr\">\n        <label>Autorisations marketing<\/label>\n        <p>Merci de s\u00e9lectionner tous les moyens par lesquels vous souhaitez recevoir des informations de S\u00e9lection Prestige GmbH:<\/p>\n        <fieldset class=\"mc_fieldset gdprRequired mc-field-group\" name=\"interestgroup_field\">\n\t\t<label class=\"checkbox subfield\" for=\"gdpr_134401\"><input type=\"checkbox\" id=\"gdpr_134401\" name=\"gdpr[134401]\" value=\"Y\" class=\"av-checkbox gdpr\"><span>Email<\/span> <\/label>\n        <\/fieldset>\n        <p>Vous pouvez vous d\u00e9sabonner \u00e0 tout moment en cliquant sur le lien figurant tout en bas de nos e-mails. Pour plus d\u2019informations sur notre politique de confidentialit\u00e9, merci de consulter notre site internet.<\/p>\n    <\/div>\n    <div class=\"content__gdprLegal\">\n        <p>Nous utilisons Mailchimp comme plateforme marketing. En cliquant ci-dessous pour vous abonner, vous acceptez que vos informations soient transf\u00e9r\u00e9es \u00e0 Mailchimp pour \u00eatre trait\u00e9es. <a href=\"https:\/\/mailchimp.com\/legal\/terms\" target=\"_blank\" rel=\"noopener\">En savoir plus sur la politique de confidentialit\u00e9 de Mailchimp.<\/a><\/p>\n    <\/div>\n<\/div>\n\t<div id=\"mce-responses\" class=\"clear foot\">\n\t\t<div class=\"response\" id=\"mce-error-response\" style=\"display:none\"><\/div>\n\t\t<div class=\"response\" id=\"mce-success-response\" style=\"display:none\"><\/div>\n\t<\/div>    <!-- real people should not fill this in and expect good things - do not remove this or risk form bot signups-->\n    <div style=\"position: absolute; left: -5000px;\" aria-hidden=\"true\"><input type=\"text\" name=\"b_5aa5df83ca587a79848ee85bb_0aad397eaf\" tabindex=\"-1\" value=\"\"><\/div>\n        <div class=\"optionalParent\">\n            <div class=\"clear foot\">\n                <input type=\"submit\" value=\"Subscribe\" name=\"subscribe\" id=\"mc-embedded-subscribe\" class=\"button\">\n            <\/div>\n        <\/div>\n    <\/div>\n<\/form>\n<\/div>\n<script type=\"text\/javascript\" src=\"\/\/s3.amazonaws.com\/downloads.mailchimp.com\/js\/mc-validate.js\"><\/script><script type=\"text\/javascript\">(function($) {window.fnames = new Array(); window.ftypes = new Array();fnames[0]='EMAIL';ftypes[0]='email';fnames[1]='FNAME';ftypes[1]='text';fnames[2]='LNAME';ftypes[2]='text';fnames[3]='ADDRESS';ftypes[3]='address';fnames[4]='PHONE';ftypes[4]='phone'; }(jQuery));var $mcj = jQuery.noConflict(true);<\/script>\n<!--End mc_embed_signup-->\n\n<\/section>\n","protected":false},"excerpt":{"rendered":"","protected":false},"author":1,"featured_media":588,"parent":0,"menu_order":0,"comment_status":"closed","ping_status":"closed","template":"","meta":{"_acf_changed":false,"footnotes":""},"class_list":["post-710","page","type-page","status-publish","has-post-thumbnail","hentry"],"acf":[],"yoast_head":"<!-- This site is optimized with the Yoast SEO plugin v27.4 - https:\/\/yoast.com\/product\/yoast-seo-wordpress\/ -->\n<title>Nous contacter - Galipette<\/title>\n<meta name=\"robots\" content=\"index, follow, max-snippet:-1, max-image-preview:large, max-video-preview:-1\" \/>\n<link rel=\"canonical\" href=\"https:\/\/galipettecidre.com\/fr\/nous-contacter\/\" \/>\n<meta property=\"og:locale\" content=\"fr_FR\" \/>\n<meta property=\"og:type\" content=\"article\" \/>\n<meta property=\"og:title\" content=\"Nous contacter - Galipette\" \/>\n<meta property=\"og:url\" content=\"https:\/\/galipettecidre.com\/fr\/nous-contacter\/\" \/>\n<meta property=\"og:site_name\" content=\"Galipette\" \/>\n<meta property=\"article:modified_time\" content=\"2022-06-03T13:48:13+00:00\" \/>\n<meta property=\"og:image\" content=\"https:\/\/galipettecidre.com\/wp-content\/uploads\/2022\/05\/galipette-cidre-hero-00004-scaled.jpg\" \/>\n\t<meta property=\"og:image:width\" content=\"3800\" \/>\n\t<meta property=\"og:image:height\" content=\"2533\" \/>\n\t<meta property=\"og:image:type\" content=\"image\/jpeg\" \/>\n<meta name=\"twitter:card\" content=\"summary_large_image\" \/>\n<meta name=\"twitter:label1\" content=\"Dur\u00e9e de lecture estim\u00e9e\" \/>\n\t<meta name=\"twitter:data1\" content=\"1 minute\" \/>\n<script type=\"application\/ld+json\" class=\"yoast-schema-graph\">{\"@context\":\"https:\\\/\\\/schema.org\",\"@graph\":[{\"@type\":\"WebPage\",\"@id\":\"https:\\\/\\\/galipettecidre.com\\\/fr\\\/nous-contacter\\\/\",\"url\":\"https:\\\/\\\/galipettecidre.com\\\/fr\\\/nous-contacter\\\/\",\"name\":\"Nous contacter - Galipette\",\"isPartOf\":{\"@id\":\"https:\\\/\\\/galipettecidre.com\\\/fr\\\/#website\"},\"primaryImageOfPage\":{\"@id\":\"https:\\\/\\\/galipettecidre.com\\\/fr\\\/nous-contacter\\\/#primaryimage\"},\"image\":{\"@id\":\"https:\\\/\\\/galipettecidre.com\\\/fr\\\/nous-contacter\\\/#primaryimage\"},\"thumbnailUrl\":\"https:\\\/\\\/galipettecidre.com\\\/wp-content\\\/uploads\\\/2022\\\/05\\\/galipette-cidre-hero-00004-scaled-scaled.jpg\",\"datePublished\":\"2022-05-17T12:33:49+00:00\",\"dateModified\":\"2022-06-03T13:48:13+00:00\",\"breadcrumb\":{\"@id\":\"https:\\\/\\\/galipettecidre.com\\\/fr\\\/nous-contacter\\\/#breadcrumb\"},\"inLanguage\":\"fr-FR\",\"potentialAction\":[{\"@type\":\"ReadAction\",\"target\":[\"https:\\\/\\\/galipettecidre.com\\\/fr\\\/nous-contacter\\\/\"]}]},{\"@type\":\"ImageObject\",\"inLanguage\":\"fr-FR\",\"@id\":\"https:\\\/\\\/galipettecidre.com\\\/fr\\\/nous-contacter\\\/#primaryimage\",\"url\":\"https:\\\/\\\/galipettecidre.com\\\/wp-content\\\/uploads\\\/2022\\\/05\\\/galipette-cidre-hero-00004-scaled-scaled.jpg\",\"contentUrl\":\"https:\\\/\\\/galipettecidre.com\\\/wp-content\\\/uploads\\\/2022\\\/05\\\/galipette-cidre-hero-00004-scaled-scaled.jpg\",\"width\":2560,\"height\":1706},{\"@type\":\"BreadcrumbList\",\"@id\":\"https:\\\/\\\/galipettecidre.com\\\/fr\\\/nous-contacter\\\/#breadcrumb\",\"itemListElement\":[{\"@type\":\"ListItem\",\"position\":1,\"name\":\"Home\",\"item\":\"https:\\\/\\\/galipettecidre.com\\\/fr\\\/nos-cidres\\\/\"},{\"@type\":\"ListItem\",\"position\":2,\"name\":\"Nous contacter\"}]},{\"@type\":\"WebSite\",\"@id\":\"https:\\\/\\\/galipettecidre.com\\\/fr\\\/#website\",\"url\":\"https:\\\/\\\/galipettecidre.com\\\/fr\\\/\",\"name\":\"Galipette\",\"description\":\"Online Shop\",\"potentialAction\":[{\"@type\":\"SearchAction\",\"target\":{\"@type\":\"EntryPoint\",\"urlTemplate\":\"https:\\\/\\\/galipettecidre.com\\\/fr\\\/?s={search_term_string}\"},\"query-input\":{\"@type\":\"PropertyValueSpecification\",\"valueRequired\":true,\"valueName\":\"search_term_string\"}}],\"inLanguage\":\"fr-FR\"}]}<\/script>\n<!-- \/ Yoast SEO plugin. -->","yoast_head_json":{"title":"Nous contacter - Galipette","robots":{"index":"index","follow":"follow","max-snippet":"max-snippet:-1","max-image-preview":"max-image-preview:large","max-video-preview":"max-video-preview:-1"},"canonical":"https:\/\/galipettecidre.com\/fr\/nous-contacter\/","og_locale":"fr_FR","og_type":"article","og_title":"Nous contacter - Galipette","og_url":"https:\/\/galipettecidre.com\/fr\/nous-contacter\/","og_site_name":"Galipette","article_modified_time":"2022-06-03T13:48:13+00:00","og_image":[{"width":3800,"height":2533,"url":"https:\/\/galipettecidre.com\/wp-content\/uploads\/2022\/05\/galipette-cidre-hero-00004-scaled.jpg","type":"image\/jpeg"}],"twitter_card":"summary_large_image","twitter_misc":{"Dur\u00e9e de lecture estim\u00e9e":"1 minute"},"schema":{"@context":"https:\/\/schema.org","@graph":[{"@type":"WebPage","@id":"https:\/\/galipettecidre.com\/fr\/nous-contacter\/","url":"https:\/\/galipettecidre.com\/fr\/nous-contacter\/","name":"Nous contacter - Galipette","isPartOf":{"@id":"https:\/\/galipettecidre.com\/fr\/#website"},"primaryImageOfPage":{"@id":"https:\/\/galipettecidre.com\/fr\/nous-contacter\/#primaryimage"},"image":{"@id":"https:\/\/galipettecidre.com\/fr\/nous-contacter\/#primaryimage"},"thumbnailUrl":"https:\/\/galipettecidre.com\/wp-content\/uploads\/2022\/05\/galipette-cidre-hero-00004-scaled-scaled.jpg","datePublished":"2022-05-17T12:33:49+00:00","dateModified":"2022-06-03T13:48:13+00:00","breadcrumb":{"@id":"https:\/\/galipettecidre.com\/fr\/nous-contacter\/#breadcrumb"},"inLanguage":"fr-FR","potentialAction":[{"@type":"ReadAction","target":["https:\/\/galipettecidre.com\/fr\/nous-contacter\/"]}]},{"@type":"ImageObject","inLanguage":"fr-FR","@id":"https:\/\/galipettecidre.com\/fr\/nous-contacter\/#primaryimage","url":"https:\/\/galipettecidre.com\/wp-content\/uploads\/2022\/05\/galipette-cidre-hero-00004-scaled-scaled.jpg","contentUrl":"https:\/\/galipettecidre.com\/wp-content\/uploads\/2022\/05\/galipette-cidre-hero-00004-scaled-scaled.jpg","width":2560,"height":1706},{"@type":"BreadcrumbList","@id":"https:\/\/galipettecidre.com\/fr\/nous-contacter\/#breadcrumb","itemListElement":[{"@type":"ListItem","position":1,"name":"Home","item":"https:\/\/galipettecidre.com\/fr\/nos-cidres\/"},{"@type":"ListItem","position":2,"name":"Nous contacter"}]},{"@type":"WebSite","@id":"https:\/\/galipettecidre.com\/fr\/#website","url":"https:\/\/galipettecidre.com\/fr\/","name":"Galipette","description":"Online Shop","potentialAction":[{"@type":"SearchAction","target":{"@type":"EntryPoint","urlTemplate":"https:\/\/galipettecidre.com\/fr\/?s={search_term_string}"},"query-input":{"@type":"PropertyValueSpecification","valueRequired":true,"valueName":"search_term_string"}}],"inLanguage":"fr-FR"}]}},"_links":{"self":[{"href":"https:\/\/galipettecidre.com\/fr\/wp-json\/wp\/v2\/pages\/710","targetHints":{"allow":["GET"]}}],"collection":[{"href":"https:\/\/galipettecidre.com\/fr\/wp-json\/wp\/v2\/pages"}],"about":[{"href":"https:\/\/galipettecidre.com\/fr\/wp-json\/wp\/v2\/types\/page"}],"author":[{"embeddable":true,"href":"https:\/\/galipettecidre.com\/fr\/wp-json\/wp\/v2\/users\/1"}],"replies":[{"embeddable":true,"href":"https:\/\/galipettecidre.com\/fr\/wp-json\/wp\/v2\/comments?post=710"}],"version-history":[{"count":0,"href":"https:\/\/galipettecidre.com\/fr\/wp-json\/wp\/v2\/pages\/710\/revisions"}],"wp:featuredmedia":[{"embeddable":true,"href":"https:\/\/galipettecidre.com\/fr\/wp-json\/wp\/v2\/media\/588"}],"wp:attachment":[{"href":"https:\/\/galipettecidre.com\/fr\/wp-json\/wp\/v2\/media?parent=710"}],"curies":[{"name":"wp","href":"https:\/\/api.w.org\/{rel}","templated":true}]}}